{"id":13869,"date":"2018-07-05T01:04:27","date_gmt":"2018-07-05T01:04:27","guid":{"rendered":"https:\/\/frutibest.com\/produkte\/"},"modified":"2023-05-08T22:00:19","modified_gmt":"2023-05-08T22:00:19","slug":"products","status":"publish","type":"page","link":"https:\/\/frutibest.com\/en\/products\/","title":{"rendered":"Products"},"content":{"rendered":"\t\t<div data-elementor-type=\"wp-post\" data-elementor-id=\"13869\" class=\"elementor elementor-13869 elementor-3124\">\n\t\t\t\t\t\t<section class=\"elementor-section elementor-top-section elementor-element elementor-element-1c672db elementor-section-boxed elementor-section-height-default elementor-section-height-default\" data-id=\"1c672db\" data-element_type=\"section\" data-e-type=\"section\" data-settings=\"{&quot;background_background&quot;:&quot;classic&quot;}\">\n\t\t\t\t\t\t<div class=\"elementor-container elementor-column-gap-default\">\n\t\t\t\t\t<div class=\"elementor-column elementor-col-100 elementor-top-column elementor-element elementor-element-0165fe9 top column-style-top\" data-id=\"0165fe9\" data-element_type=\"column\" data-e-type=\"column\">\n\t\t\t<div class=\"elementor-widget-wrap elementor-element-populated\">\n\t\t\t\t\t\t<section class=\"elementor-section elementor-inner-section elementor-element elementor-element-c198456 elementor-section-boxed elementor-section-height-default elementor-section-height-default\" data-id=\"c198456\" data-element_type=\"section\" data-e-type=\"section\">\n\t\t\t\t\t\t<div class=\"elementor-container elementor-column-gap-default\">\n\t\t\t\t\t<div class=\"elementor-column elementor-col-100 elementor-inner-column elementor-element elementor-element-2ebbf7c top column-style-top\" data-id=\"2ebbf7c\" data-element_type=\"column\" data-e-type=\"column\">\n\t\t\t<div class=\"elementor-widget-wrap elementor-element-populated\">\n\t\t\t\t\t\t<div class=\"elementor-element elementor-element-85f93da elementor-widget elementor-widget-gva-services-group\" data-id=\"85f93da\" data-element_type=\"widget\" data-e-type=\"widget\" data-widget_type=\"gva-services-group.default\">\n\t\t\t\t<div class=\"elementor-widget-container\">\n\t\t\t\t\t<div class=\"gva-element-gva-services-group gva-element\">\r\n<div class=\"gsc-services-group layout-grid\">\r\n   <div class=\"lg-block-grid-2 md-block-grid-2 sm-block-grid-2 xs-block-grid-1 xx-block-grid-1\">\r\n               <div class=\"item-columns\">\r\n            \r\n   <div class=\"service-item style-1\">\r\n      <div class=\"service-item-content\">\r\n      \t\t<div class=\"service-image\">\t      \t\r\n\t\t\t\r\n\t\t\t\t\t\t\t<img decoding=\"async\" src=\"https:\/\/frutibest.com\/wp-content\/uploads\/2023\/04\/foto-1-min.jpg\" alt=\"HDPE and HDPE-RC pipes\" \/>\r\n\t\t\t\t\t\r\n\t            \t\t\t<\/div>\r\n            <div class=\"service-content\">\r\n\t\t\t\t\t\t\t\t\t<h3 class=\"title\"><span>HDPE and HDPE-RC pipes<\/span><\/h3>\r\n\t\t\t\t\r\n\t\t\t\t\r\n\t\t\t\t\t\t\t\t\t\r\n\t\t\t\t\t<div class=\"read-more\">\r\n\t\t               <a href=\"https:\/\/frutibest.com\/en\/products\/hdpe-and-hdpe-rc-pipes\/\">\r\n\t\t               \t<i class=\"fas fa-long-arrow-alt-right\"><\/i>\r\n\t\t               <\/a>\r\n\t\t            <\/div>\r\n\t\t\t\t\t\t\t<\/div>\r\n\t\t<\/div>\r\n\t\t\r\n\t\t        <a href=\"https:\/\/frutibest.com\/en\/products\/hdpe-and-hdpe-rc-pipes\/\" class=\"link-overlay\"><\/a>\r\n        \t<\/div>\t\t\r\n\t\r\n\r\n\r\n<!-- Style II -->\r\n\t         <\/div>\r\n               <div class=\"item-columns\">\r\n            \r\n   <div class=\"service-item style-1\">\r\n      <div class=\"service-item-content\">\r\n      \t\t<div class=\"service-image\">\t      \t\r\n\t\t\t\r\n\t\t\t\t\t\t\t<img decoding=\"async\" src=\"https:\/\/frutibest.com\/wp-content\/uploads\/2023\/04\/Foto1-min-18.jpg\" alt=\"Corrugated pipes\" \/>\r\n\t\t\t\t\t\r\n\t            \t\t\t<\/div>\r\n            <div class=\"service-content\">\r\n\t\t\t\t\t\t\t\t\t<h3 class=\"title\"><span>Corrugated pipes<\/span><\/h3>\r\n\t\t\t\t\r\n\t\t\t\t\r\n\t\t\t\t\t\t\t\t\t\r\n\t\t\t\t\t<div class=\"read-more\">\r\n\t\t               <a href=\"https:\/\/frutibest.com\/en\/products\/corrugated-pipes\/\">\r\n\t\t               \t<i class=\"fas fa-long-arrow-alt-right\"><\/i>\r\n\t\t               <\/a>\r\n\t\t            <\/div>\r\n\t\t\t\t\t\t\t<\/div>\r\n\t\t<\/div>\r\n\t\t\r\n\t\t        <a href=\"https:\/\/frutibest.com\/en\/products\/corrugated-pipes\/\" class=\"link-overlay\"><\/a>\r\n        \t<\/div>\t\t\r\n\t\r\n\r\n\r\n<!-- Style II -->\r\n\t         <\/div>\r\n               <div class=\"item-columns\">\r\n            \r\n   <div class=\"service-item style-1\">\r\n      <div class=\"service-item-content\">\r\n      \t\t<div class=\"service-image\">\t      \t\r\n\t\t\t\r\n\t\t\t\t\t\t\t<img decoding=\"async\" src=\"https:\/\/frutibest.com\/wp-content\/uploads\/2023\/04\/Tuba-PVC-2-min.jpg\" alt=\"PVC pipes\" \/>\r\n\t\t\t\t\t\r\n\t            \t\t\t<\/div>\r\n            <div class=\"service-content\">\r\n\t\t\t\t\t\t\t\t\t<h3 class=\"title\"><span>PVC pipes<\/span><\/h3>\r\n\t\t\t\t\r\n\t\t\t\t\r\n\t\t\t\t\t\t\t\t\t\r\n\t\t\t\t\t<div class=\"read-more\">\r\n\t\t               <a href=\"https:\/\/frutibest.com\/en\/products\/pvc-pipes\/\">\r\n\t\t               \t<i class=\"fas fa-long-arrow-alt-right\"><\/i>\r\n\t\t               <\/a>\r\n\t\t            <\/div>\r\n\t\t\t\t\t\t\t<\/div>\r\n\t\t<\/div>\r\n\t\t\r\n\t\t        <a href=\"https:\/\/frutibest.com\/en\/products\/pvc-pipes\/\" class=\"link-overlay\"><\/a>\r\n        \t<\/div>\t\t\r\n\t\r\n\r\n\r\n<!-- Style II -->\r\n\t         <\/div>\r\n               <div class=\"item-columns\">\r\n            \r\n   <div class=\"service-item style-1\">\r\n      <div class=\"service-item-content\">\r\n      \t\t<div class=\"service-image\">\t      \t\r\n\t\t\t\r\n\t\t\t\t\t\t\t<img decoding=\"async\" src=\"https:\/\/frutibest.com\/wp-content\/uploads\/2023\/04\/FUCI-DHE-BIDONA-PLASTIKE-1-min.jpg\" alt=\"Other Products\" \/>\r\n\t\t\t\t\t\r\n\t            \t\t\t<\/div>\r\n            <div class=\"service-content\">\r\n\t\t\t\t\t\t\t\t\t<h3 class=\"title\"><span>Other Products<\/span><\/h3>\r\n\t\t\t\t\r\n\t\t\t\t\r\n\t\t\t\t\t\t\t\t\t\r\n\t\t\t\t\t<div class=\"read-more\">\r\n\t\t               <a href=\"https:\/\/frutibest.com\/en\/products\/other-products\/\">\r\n\t\t               \t<i class=\"fas fa-long-arrow-alt-right\"><\/i>\r\n\t\t               <\/a>\r\n\t\t            <\/div>\r\n\t\t\t\t\t\t\t<\/div>\r\n\t\t<\/div>\r\n\t\t\r\n\t\t        <a href=\"https:\/\/frutibest.com\/en\/products\/other-products\/\" class=\"link-overlay\"><\/a>\r\n        \t<\/div>\t\t\r\n\t\r\n\r\n\r\n<!-- Style II -->\r\n\t         <\/div>\r\n         <\/div>   \r\n<\/div>\r\n<\/div>\t\t\t\t<\/div>\n\t\t\t\t<\/div>\n\t\t\t\t\t<\/div>\n\t\t<\/div>\n\t\t\t\t\t<\/div>\n\t\t<\/section>\n\t\t\t\t\t<\/div>\n\t\t<\/div>\n\t\t\t\t\t<\/div>\n\t\t<\/section>\n\t\t\t\t<section class=\"elementor-section elementor-top-section elementor-element elementor-element-4f89e68 elementor-hidden-desktop elementor-hidden-tablet elementor-hidden-mobile elementor-section-boxed elementor-section-height-default elementor-section-height-default\" data-id=\"4f89e68\" data-element_type=\"section\" data-e-type=\"section\" data-settings=\"{&quot;background_background&quot;:&quot;classic&quot;}\">\n\t\t\t\t\t\t\t<div class=\"elementor-background-overlay\"><\/div>\n\t\t\t\t\t\t\t<div class=\"elementor-container elementor-column-gap-default\">\n\t\t\t\t\t<div class=\"elementor-column elementor-col-100 elementor-top-column elementor-element elementor-element-47ae47d top column-style-top\" data-id=\"47ae47d\" data-element_type=\"column\" data-e-type=\"column\">\n\t\t\t<div class=\"elementor-widget-wrap elementor-element-populated\">\n\t\t\t\t\t\t<div class=\"elementor-element elementor-element-40f50a9 elementor-widget elementor-widget-gva-call-to-action\" data-id=\"40f50a9\" data-element_type=\"widget\" data-e-type=\"widget\" data-widget_type=\"gva-call-to-action.default\">\n\t\t\t\t<div class=\"elementor-widget-container\">\n\t\t\t\t\t<div class=\"gva-element-gva-call-to-action gva-element\">\r\n   <div class=\"button-right widget gsc-call-to-action\">\r\n      <div class=\"content-inner clearfix\" >\r\n         <div class=\"cta-content\">\r\n                           <h2 class=\"title\">\r\n                  <span>Na kontaktoni p\u00ebr m\u00eb shum\u00eb informacion<\/span>\r\n               <\/h2>\r\n                                             <\/div>\r\n                     <div class=\"button-action\">\r\n                       <a href=\"https:\/\/frutibest.com\/kontakt\/\" class=\"btn-cta btn-black\">\r\n          <span>Kontakt<\/span>\r\n        <\/a>\r\n\r\n                    <\/div>\r\n               <\/div>\r\n   <\/div>\r\n<\/div>\t\t\t\t<\/div>\n\t\t\t\t<\/div>\n\t\t\t\t\t<\/div>\n\t\t<\/div>\n\t\t\t\t\t<\/div>\n\t\t<\/section>\n\t\t\t\t<\/div>\n\t\t","protected":false},"excerpt":{"rendered":"<p>HDPE and HDPE-RC pipes Corrugated pipes PVC pipes Other Products Na kontaktoni p\u00ebr m\u00eb shum\u00eb informacion Kontakt<\/p>\n","protected":false},"author":1,"featured_media":0,"parent":0,"menu_order":0,"comment_status":"closed","ping_status":"closed","template":"","meta":{"footnotes":""},"class_list":["post-13869","page","type-page","status-publish","hentry"],"yoast_head":"<!-- This site is optimized with the Yoast SEO Premium plugin v23.7 (Yoast SEO v27.4) - https:\/\/yoast.com\/product\/yoast-seo-premium-wordpress\/ -->\n<title>Products - FrutiBest<\/title>\n<meta name=\"robots\" content=\"index, follow, max-snippet:-1, max-image-preview:large, max-video-preview:-1\" \/>\n<link rel=\"canonical\" href=\"https:\/\/frutibest.com\/en\/products\/\" \/>\n<meta property=\"og:locale\" content=\"en_US\" \/>\n<meta property=\"og:type\" content=\"article\" \/>\n<meta property=\"og:title\" content=\"Products\" \/>\n<meta property=\"og:description\" content=\"HDPE and HDPE-RC pipes Corrugated pipes PVC pipes Other Products Na kontaktoni p\u00ebr m\u00eb shum\u00eb informacion Kontakt\" \/>\n<meta property=\"og:url\" content=\"https:\/\/frutibest.com\/en\/products\/\" \/>\n<meta property=\"og:site_name\" content=\"FrutiBest\" \/>\n<meta property=\"article:publisher\" content=\"https:\/\/www.facebook.com\/profile.php?id=100057621933062\" \/>\n<meta property=\"article:modified_time\" content=\"2023-05-08T22:00:19+00:00\" \/>\n<meta property=\"og:image\" content=\"https:\/\/frutibest.com\/wp-content\/uploads\/2023\/04\/foto-1-min.jpg\" \/>\n<meta name=\"twitter:card\" content=\"summary_large_image\" \/>\n<script type=\"application\/ld+json\" class=\"yoast-schema-graph\">{\"@context\":\"https:\\\/\\\/schema.org\",\"@graph\":[{\"@type\":\"WebPage\",\"@id\":\"https:\\\/\\\/frutibest.com\\\/en\\\/products\\\/\",\"url\":\"https:\\\/\\\/frutibest.com\\\/en\\\/products\\\/\",\"name\":\"Products - FrutiBest\",\"isPartOf\":{\"@id\":\"https:\\\/\\\/frutibest.com\\\/#website\"},\"primaryImageOfPage\":{\"@id\":\"https:\\\/\\\/frutibest.com\\\/en\\\/products\\\/#primaryimage\"},\"image\":{\"@id\":\"https:\\\/\\\/frutibest.com\\\/en\\\/products\\\/#primaryimage\"},\"thumbnailUrl\":\"https:\\\/\\\/frutibest.com\\\/wp-content\\\/uploads\\\/2023\\\/04\\\/foto-1-min.jpg\",\"datePublished\":\"2018-07-05T01:04:27+00:00\",\"dateModified\":\"2023-05-08T22:00:19+00:00\",\"breadcrumb\":{\"@id\":\"https:\\\/\\\/frutibest.com\\\/en\\\/products\\\/#breadcrumb\"},\"inLanguage\":\"en-US\",\"potentialAction\":[{\"@type\":\"ReadAction\",\"target\":[\"https:\\\/\\\/frutibest.com\\\/en\\\/products\\\/\"]}]},{\"@type\":\"ImageObject\",\"inLanguage\":\"en-US\",\"@id\":\"https:\\\/\\\/frutibest.com\\\/en\\\/products\\\/#primaryimage\",\"url\":\"https:\\\/\\\/frutibest.com\\\/wp-content\\\/uploads\\\/2023\\\/04\\\/foto-1-min.jpg\",\"contentUrl\":\"https:\\\/\\\/frutibest.com\\\/wp-content\\\/uploads\\\/2023\\\/04\\\/foto-1-min.jpg\"},{\"@type\":\"BreadcrumbList\",\"@id\":\"https:\\\/\\\/frutibest.com\\\/en\\\/products\\\/#breadcrumb\",\"itemListElement\":[{\"@type\":\"ListItem\",\"position\":1,\"name\":\"Home\",\"item\":\"https:\\\/\\\/frutibest.com\\\/en\\\/\"},{\"@type\":\"ListItem\",\"position\":2,\"name\":\"Products\"}]},{\"@type\":\"WebSite\",\"@id\":\"https:\\\/\\\/frutibest.com\\\/#website\",\"url\":\"https:\\\/\\\/frutibest.com\\\/\",\"name\":\"FrutiBest\",\"description\":\"Tuba Plastik\",\"publisher\":{\"@id\":\"https:\\\/\\\/frutibest.com\\\/#organization\"},\"potentialAction\":[{\"@type\":\"SearchAction\",\"target\":{\"@type\":\"EntryPoint\",\"urlTemplate\":\"https:\\\/\\\/frutibest.com\\\/?s={search_term_string}\"},\"query-input\":{\"@type\":\"PropertyValueSpecification\",\"valueRequired\":true,\"valueName\":\"search_term_string\"}}],\"inLanguage\":\"en-US\"},{\"@type\":\"Organization\",\"@id\":\"https:\\\/\\\/frutibest.com\\\/#organization\",\"name\":\"FrutiBest\",\"url\":\"https:\\\/\\\/frutibest.com\\\/\",\"logo\":{\"@type\":\"ImageObject\",\"inLanguage\":\"en-US\",\"@id\":\"https:\\\/\\\/frutibest.com\\\/#\\\/schema\\\/logo\\\/image\\\/\",\"url\":\"https:\\\/\\\/frutibest.com\\\/wp-content\\\/uploads\\\/2023\\\/05\\\/logo-web-1.png\",\"contentUrl\":\"https:\\\/\\\/frutibest.com\\\/wp-content\\\/uploads\\\/2023\\\/05\\\/logo-web-1.png\",\"width\":400,\"height\":151,\"caption\":\"FrutiBest\"},\"image\":{\"@id\":\"https:\\\/\\\/frutibest.com\\\/#\\\/schema\\\/logo\\\/image\\\/\"},\"sameAs\":[\"https:\\\/\\\/www.facebook.com\\\/profile.php?id=100057621933062\"]}]}<\/script>\n<!-- \/ Yoast SEO Premium plugin. -->","yoast_head_json":{"title":"Products - FrutiBest","robots":{"index":"index","follow":"follow","max-snippet":"max-snippet:-1","max-image-preview":"max-image-preview:large","max-video-preview":"max-video-preview:-1"},"canonical":"https:\/\/frutibest.com\/en\/products\/","og_locale":"en_US","og_type":"article","og_title":"Products","og_description":"HDPE and HDPE-RC pipes Corrugated pipes PVC pipes Other Products Na kontaktoni p\u00ebr m\u00eb shum\u00eb informacion Kontakt","og_url":"https:\/\/frutibest.com\/en\/products\/","og_site_name":"FrutiBest","article_publisher":"https:\/\/www.facebook.com\/profile.php?id=100057621933062","article_modified_time":"2023-05-08T22:00:19+00:00","og_image":[{"url":"https:\/\/frutibest.com\/wp-content\/uploads\/2023\/04\/foto-1-min.jpg","type":"","width":"","height":""}],"twitter_card":"summary_large_image","schema":{"@context":"https:\/\/schema.org","@graph":[{"@type":"WebPage","@id":"https:\/\/frutibest.com\/en\/products\/","url":"https:\/\/frutibest.com\/en\/products\/","name":"Products - FrutiBest","isPartOf":{"@id":"https:\/\/frutibest.com\/#website"},"primaryImageOfPage":{"@id":"https:\/\/frutibest.com\/en\/products\/#primaryimage"},"image":{"@id":"https:\/\/frutibest.com\/en\/products\/#primaryimage"},"thumbnailUrl":"https:\/\/frutibest.com\/wp-content\/uploads\/2023\/04\/foto-1-min.jpg","datePublished":"2018-07-05T01:04:27+00:00","dateModified":"2023-05-08T22:00:19+00:00","breadcrumb":{"@id":"https:\/\/frutibest.com\/en\/products\/#breadcrumb"},"inLanguage":"en-US","potentialAction":[{"@type":"ReadAction","target":["https:\/\/frutibest.com\/en\/products\/"]}]},{"@type":"ImageObject","inLanguage":"en-US","@id":"https:\/\/frutibest.com\/en\/products\/#primaryimage","url":"https:\/\/frutibest.com\/wp-content\/uploads\/2023\/04\/foto-1-min.jpg","contentUrl":"https:\/\/frutibest.com\/wp-content\/uploads\/2023\/04\/foto-1-min.jpg"},{"@type":"BreadcrumbList","@id":"https:\/\/frutibest.com\/en\/products\/#breadcrumb","itemListElement":[{"@type":"ListItem","position":1,"name":"Home","item":"https:\/\/frutibest.com\/en\/"},{"@type":"ListItem","position":2,"name":"Products"}]},{"@type":"WebSite","@id":"https:\/\/frutibest.com\/#website","url":"https:\/\/frutibest.com\/","name":"FrutiBest","description":"Tuba Plastik","publisher":{"@id":"https:\/\/frutibest.com\/#organization"},"potentialAction":[{"@type":"SearchAction","target":{"@type":"EntryPoint","urlTemplate":"https:\/\/frutibest.com\/?s={search_term_string}"},"query-input":{"@type":"PropertyValueSpecification","valueRequired":true,"valueName":"search_term_string"}}],"inLanguage":"en-US"},{"@type":"Organization","@id":"https:\/\/frutibest.com\/#organization","name":"FrutiBest","url":"https:\/\/frutibest.com\/","logo":{"@type":"ImageObject","inLanguage":"en-US","@id":"https:\/\/frutibest.com\/#\/schema\/logo\/image\/","url":"https:\/\/frutibest.com\/wp-content\/uploads\/2023\/05\/logo-web-1.png","contentUrl":"https:\/\/frutibest.com\/wp-content\/uploads\/2023\/05\/logo-web-1.png","width":400,"height":151,"caption":"FrutiBest"},"image":{"@id":"https:\/\/frutibest.com\/#\/schema\/logo\/image\/"},"sameAs":["https:\/\/www.facebook.com\/profile.php?id=100057621933062"]}]}},"_links":{"self":[{"href":"https:\/\/frutibest.com\/en\/wp-json\/wp\/v2\/pages\/13869","targetHints":{"allow":["GET"]}}],"collection":[{"href":"https:\/\/frutibest.com\/en\/wp-json\/wp\/v2\/pages"}],"about":[{"href":"https:\/\/frutibest.com\/en\/wp-json\/wp\/v2\/types\/page"}],"author":[{"embeddable":true,"href":"https:\/\/frutibest.com\/en\/wp-json\/wp\/v2\/users\/1"}],"replies":[{"embeddable":true,"href":"https:\/\/frutibest.com\/en\/wp-json\/wp\/v2\/comments?post=13869"}],"version-history":[{"count":8,"href":"https:\/\/frutibest.com\/en\/wp-json\/wp\/v2\/pages\/13869\/revisions"}],"predecessor-version":[{"id":14003,"href":"https:\/\/frutibest.com\/en\/wp-json\/wp\/v2\/pages\/13869\/revisions\/14003"}],"wp:attachment":[{"href":"https:\/\/frutibest.com\/en\/wp-json\/wp\/v2\/media?parent=13869"}],"curies":[{"name":"wp","href":"https:\/\/api.w.org\/{rel}","templated":true}]}}